{"id":1270,"date":"2021-06-06T09:02:34","date_gmt":"2021-06-06T09:02:34","guid":{"rendered":"http:\/\/wordpress.alfalot.com\/?page_id=1270"},"modified":"2021-06-08T13:05:38","modified_gmt":"2021-06-08T13:05:38","slug":"impressum","status":"publish","type":"page","link":"https:\/\/alfalot.com\/?page_id=1270","title":{"rendered":"Impressum"},"content":{"rendered":"\n<p><strong>alfaLot GmbH&amp; Co. KG<\/strong><br>Industrieausr\u00fcstung<\/p>\n\n\n\n<p>Gesch\u00e4ftsf\u00fchrer: Dipl.-Kfm. Armin Adib-Moghaddam<\/p>\n\n\n\n<div style=\"height:41px\" aria-hidden=\"true\" class=\"wp-block-spacer\"><\/div>\n\n\n\n<p>Im alfaPark<br>Schillerstra\u00dfe 22<br>23858 Reinfeld (Holstein)<br>Germany<\/p>\n\n\n\n<div style=\"height:53px\" aria-hidden=\"true\" class=\"wp-block-spacer\"><\/div>\n\n\n\n<p>Tel.: 04533 \/&nbsp;20 888&nbsp;&#8211; 0<br>Fax: 04533 \/&nbsp;20 888&nbsp;&#8211; 20<\/p>\n\n\n\n<p>Email:&nbsp;<a href=\"mailto:info@alfalot.com\">info@alfalot.com<\/a><\/p>\n\n\n\n<div style=\"height:50px\" aria-hidden=\"true\" class=\"wp-block-spacer\"><\/div>\n\n\n\n<p><\/p>\n\n\n\n<p>USt-ID: DE 243 943 042<\/p>\n\n\n\n<p>Handelsregister: Amtsgericht L\u00fcbeck, HRA 4447 HL<\/p>\n\n\n\n<p>Pers\u00f6nlich haftende Gesellschafterin: alfaPark Immobilien- und Verwaltungsgesellschaft mbH<\/p>\n\n\n\n<p><\/p>\n","protected":false},"excerpt":{"rendered":"<p>alfaLot GmbH&amp; Co. KGIndustrieausr\u00fcstung Gesch\u00e4ftsf\u00fchrer: Dipl.-Kfm. Armin Adib-Moghaddam Im alfaParkSchillerstra\u00dfe 2223858 Reinfeld (Holstein)Germany Tel.: 04533 \/&nbsp;20 888&nbsp;&#8211; 0Fax: 04533 \/&nbsp;20 888&nbsp;&#8211; 20 Email:&nbsp;info@alfalot.com USt-ID: DE 243 943 042 Handelsregister: Amtsgericht &#8230;<\/p>\n","protected":false},"author":1,"featured_media":0,"parent":0,"menu_order":0,"comment_status":"closed","ping_status":"closed","template":"","meta":{"footnotes":""},"class_list":["post-1270","page","type-page","status-publish","hentry"],"_links":{"self":[{"href":"https:\/\/alfalot.com\/index.php?rest_route=\/wp\/v2\/pages\/1270"}],"collection":[{"href":"https:\/\/alfalot.com\/index.php?rest_route=\/wp\/v2\/pages"}],"about":[{"href":"https:\/\/alfalot.com\/index.php?rest_route=\/wp\/v2\/types\/page"}],"author":[{"embeddable":true,"href":"https:\/\/alfalot.com\/index.php?rest_route=\/wp\/v2\/users\/1"}],"replies":[{"embeddable":true,"href":"https:\/\/alfalot.com\/index.php?rest_route=%2Fwp%2Fv2%2Fcomments&post=1270"}],"version-history":[{"count":6,"href":"https:\/\/alfalot.com\/index.php?rest_route=\/wp\/v2\/pages\/1270\/revisions"}],"predecessor-version":[{"id":1372,"href":"https:\/\/alfalot.com\/index.php?rest_route=\/wp\/v2\/pages\/1270\/revisions\/1372"}],"wp:attachment":[{"href":"https:\/\/alfalot.com\/index.php?rest_route=%2Fwp%2Fv2%2Fmedia&parent=1270"}],"curies":[{"name":"wp","href":"https:\/\/api.w.org\/{rel}","templated":true}]}}